{"id":175,"date":"2025-04-06T19:13:36","date_gmt":"2025-04-06T19:13:36","guid":{"rendered":"https:\/\/ficonecta.com\/?page_id=175"},"modified":"2025-05-11T23:04:07","modified_gmt":"2025-05-11T23:04:07","slug":"mision-y-vision","status":"publish","type":"page","link":"https:\/\/ficonecta.com\/index.php\/mision-y-vision\/","title":{"rendered":"Misi\u00f3n y visi\u00f3n"},"content":{"rendered":"\n<p><strong>MISION<\/strong><br>\u00abEl Festival Internacional de Cine de Orizaba (FICO) es una plataforma de di\u00e1logo, aprendizaje y proyecci\u00f3n que impulsa la creaci\u00f3n, exhibici\u00f3n y distribuci\u00f3n de cine con identidad en la regi\u00f3n de las Altas Monta\u00f1as, revitalizando el legado cinematogr\u00e1fico de Orizaba y acercando el cine independiente a diversas audiencias.\u00bb\u00a0<\/p>\n\n\n\n<p><\/p>\n\n\n\n<p><strong>VISION<\/strong><br>\u00abSer un festival de cine referente a nivel regional y nacional, reconocido por su contribuci\u00f3n al desarrollo cultural y cinematogr\u00e1fico, su compromiso con la inclusi\u00f3n y la accesibilidad, y su capacidad para generar experiencias transformadoras a trav\u00e9s del cine.\u00bb<br><\/p>\n","protected":false},"excerpt":{"rendered":"<p>MISION\u00abEl Festival Internacional de Cine de Orizaba (FICO) es una plataforma de di\u00e1logo, aprendizaje y proyecci\u00f3n que impulsa la creaci\u00f3n, exhibici\u00f3n y distribuci\u00f3n de cine con identidad en la regi\u00f3n de las Altas Monta\u00f1as, revitalizando el legado cinematogr\u00e1fico de Orizaba y acercando el cine independiente a diversas audiencias.\u00bb\u00a0 VISION\u00abSer un festival de cine referente a [&hellip;]<\/p>\n","protected":false},"author":1,"featured_media":0,"parent":0,"menu_order":0,"comment_status":"closed","ping_status":"closed","template":"","meta":{"footnotes":""},"class_list":["post-175","page","type-page","status-publish","hentry"],"yoast_head":"<!-- This site is optimized with the Yoast SEO plugin v24.7 - https:\/\/yoast.com\/wordpress\/plugins\/seo\/ -->\n<title>Misi\u00f3n y visi\u00f3n - Festival Internacional de Cine de Orizaba<\/title>\n<meta name=\"robots\" content=\"index, follow, max-snippet:-1, max-image-preview:large, max-video-preview:-1\" \/>\n<link rel=\"canonical\" href=\"https:\/\/ficonecta.com\/index.php\/mision-y-vision\/\" \/>\n<meta property=\"og:locale\" content=\"es_ES\" \/>\n<meta property=\"og:type\" content=\"article\" \/>\n<meta property=\"og:title\" content=\"Misi\u00f3n y visi\u00f3n - Festival Internacional de Cine de Orizaba\" \/>\n<meta property=\"og:description\" content=\"MISION\u00abEl Festival Internacional de Cine de Orizaba (FICO) es una plataforma de di\u00e1logo, aprendizaje y proyecci\u00f3n que impulsa la creaci\u00f3n, exhibici\u00f3n y distribuci\u00f3n de cine con identidad en la regi\u00f3n de las Altas Monta\u00f1as, revitalizando el legado cinematogr\u00e1fico de Orizaba y acercando el cine independiente a diversas audiencias.\u00bb\u00a0 VISION\u00abSer un festival de cine referente a [&hellip;]\" \/>\n<meta property=\"og:url\" content=\"https:\/\/ficonecta.com\/index.php\/mision-y-vision\/\" \/>\n<meta property=\"og:site_name\" content=\"Festival Internacional de Cine de Orizaba\" \/>\n<meta property=\"article:modified_time\" content=\"2025-05-11T23:04:07+00:00\" \/>\n<meta name=\"twitter:card\" content=\"summary_large_image\" \/>\n<meta name=\"twitter:label1\" content=\"Tiempo de lectura\" \/>\n\t<meta name=\"twitter:data1\" content=\"1 minuto\" \/>\n<script type=\"application\/ld+json\" class=\"yoast-schema-graph\">{\"@context\":\"https:\/\/schema.org\",\"@graph\":[{\"@type\":\"WebPage\",\"@id\":\"https:\/\/ficonecta.com\/index.php\/mision-y-vision\/\",\"url\":\"https:\/\/ficonecta.com\/index.php\/mision-y-vision\/\",\"name\":\"Misi\u00f3n y visi\u00f3n - Festival Internacional de Cine de Orizaba\",\"isPartOf\":{\"@id\":\"https:\/\/ficonecta.com\/#website\"},\"datePublished\":\"2025-04-06T19:13:36+00:00\",\"dateModified\":\"2025-05-11T23:04:07+00:00\",\"breadcrumb\":{\"@id\":\"https:\/\/ficonecta.com\/index.php\/mision-y-vision\/#breadcrumb\"},\"inLanguage\":\"es\",\"potentialAction\":[{\"@type\":\"ReadAction\",\"target\":[\"https:\/\/ficonecta.com\/index.php\/mision-y-vision\/\"]}]},{\"@type\":\"BreadcrumbList\",\"@id\":\"https:\/\/ficonecta.com\/index.php\/mision-y-vision\/#breadcrumb\",\"itemListElement\":[{\"@type\":\"ListItem\",\"position\":1,\"name\":\"Portada\",\"item\":\"https:\/\/ficonecta.com\/\"},{\"@type\":\"ListItem\",\"position\":2,\"name\":\"Misi\u00f3n y visi\u00f3n\"}]},{\"@type\":\"WebSite\",\"@id\":\"https:\/\/ficonecta.com\/#website\",\"url\":\"https:\/\/ficonecta.com\/\",\"name\":\"Festival Internacional de Cine de Orizaba\",\"description\":\"\",\"publisher\":{\"@id\":\"https:\/\/ficonecta.com\/#organization\"},\"potentialAction\":[{\"@type\":\"SearchAction\",\"target\":{\"@type\":\"EntryPoint\",\"urlTemplate\":\"https:\/\/ficonecta.com\/?s={search_term_string}\"},\"query-input\":{\"@type\":\"PropertyValueSpecification\",\"valueRequired\":true,\"valueName\":\"search_term_string\"}}],\"inLanguage\":\"es\"},{\"@type\":\"Organization\",\"@id\":\"https:\/\/ficonecta.com\/#organization\",\"name\":\"Festival Internacional de Cine de Orizaba\",\"url\":\"https:\/\/ficonecta.com\/\",\"logo\":{\"@type\":\"ImageObject\",\"inLanguage\":\"es\",\"@id\":\"https:\/\/ficonecta.com\/#\/schema\/logo\/image\/\",\"url\":\"https:\/\/ficonecta.com\/wp-content\/uploads\/2025\/03\/logfo-1.png\",\"contentUrl\":\"https:\/\/ficonecta.com\/wp-content\/uploads\/2025\/03\/logfo-1.png\",\"width\":330,\"height\":330,\"caption\":\"Festival Internacional de Cine de Orizaba\"},\"image\":{\"@id\":\"https:\/\/ficonecta.com\/#\/schema\/logo\/image\/\"}}]}<\/script>\n<!-- \/ Yoast SEO plugin. -->","yoast_head_json":{"title":"Misi\u00f3n y visi\u00f3n - Festival Internacional de Cine de Orizaba","robots":{"index":"index","follow":"follow","max-snippet":"max-snippet:-1","max-image-preview":"max-image-preview:large","max-video-preview":"max-video-preview:-1"},"canonical":"https:\/\/ficonecta.com\/index.php\/mision-y-vision\/","og_locale":"es_ES","og_type":"article","og_title":"Misi\u00f3n y visi\u00f3n - Festival Internacional de Cine de Orizaba","og_description":"MISION\u00abEl Festival Internacional de Cine de Orizaba (FICO) es una plataforma de di\u00e1logo, aprendizaje y proyecci\u00f3n que impulsa la creaci\u00f3n, exhibici\u00f3n y distribuci\u00f3n de cine con identidad en la regi\u00f3n de las Altas Monta\u00f1as, revitalizando el legado cinematogr\u00e1fico de Orizaba y acercando el cine independiente a diversas audiencias.\u00bb\u00a0 VISION\u00abSer un festival de cine referente a [&hellip;]","og_url":"https:\/\/ficonecta.com\/index.php\/mision-y-vision\/","og_site_name":"Festival Internacional de Cine de Orizaba","article_modified_time":"2025-05-11T23:04:07+00:00","twitter_card":"summary_large_image","twitter_misc":{"Tiempo de lectura":"1 minuto"},"schema":{"@context":"https:\/\/schema.org","@graph":[{"@type":"WebPage","@id":"https:\/\/ficonecta.com\/index.php\/mision-y-vision\/","url":"https:\/\/ficonecta.com\/index.php\/mision-y-vision\/","name":"Misi\u00f3n y visi\u00f3n - Festival Internacional de Cine de Orizaba","isPartOf":{"@id":"https:\/\/ficonecta.com\/#website"},"datePublished":"2025-04-06T19:13:36+00:00","dateModified":"2025-05-11T23:04:07+00:00","breadcrumb":{"@id":"https:\/\/ficonecta.com\/index.php\/mision-y-vision\/#breadcrumb"},"inLanguage":"es","potentialAction":[{"@type":"ReadAction","target":["https:\/\/ficonecta.com\/index.php\/mision-y-vision\/"]}]},{"@type":"BreadcrumbList","@id":"https:\/\/ficonecta.com\/index.php\/mision-y-vision\/#breadcrumb","itemListElement":[{"@type":"ListItem","position":1,"name":"Portada","item":"https:\/\/ficonecta.com\/"},{"@type":"ListItem","position":2,"name":"Misi\u00f3n y visi\u00f3n"}]},{"@type":"WebSite","@id":"https:\/\/ficonecta.com\/#website","url":"https:\/\/ficonecta.com\/","name":"Festival Internacional de Cine de Orizaba","description":"","publisher":{"@id":"https:\/\/ficonecta.com\/#organization"},"potentialAction":[{"@type":"SearchAction","target":{"@type":"EntryPoint","urlTemplate":"https:\/\/ficonecta.com\/?s={search_term_string}"},"query-input":{"@type":"PropertyValueSpecification","valueRequired":true,"valueName":"search_term_string"}}],"inLanguage":"es"},{"@type":"Organization","@id":"https:\/\/ficonecta.com\/#organization","name":"Festival Internacional de Cine de Orizaba","url":"https:\/\/ficonecta.com\/","logo":{"@type":"ImageObject","inLanguage":"es","@id":"https:\/\/ficonecta.com\/#\/schema\/logo\/image\/","url":"https:\/\/ficonecta.com\/wp-content\/uploads\/2025\/03\/logfo-1.png","contentUrl":"https:\/\/ficonecta.com\/wp-content\/uploads\/2025\/03\/logfo-1.png","width":330,"height":330,"caption":"Festival Internacional de Cine de Orizaba"},"image":{"@id":"https:\/\/ficonecta.com\/#\/schema\/logo\/image\/"}}]}},"_links":{"self":[{"href":"https:\/\/ficonecta.com\/index.php\/wp-json\/wp\/v2\/pages\/175","targetHints":{"allow":["GET"]}}],"collection":[{"href":"https:\/\/ficonecta.com\/index.php\/wp-json\/wp\/v2\/pages"}],"about":[{"href":"https:\/\/ficonecta.com\/index.php\/wp-json\/wp\/v2\/types\/page"}],"author":[{"embeddable":true,"href":"https:\/\/ficonecta.com\/index.php\/wp-json\/wp\/v2\/users\/1"}],"replies":[{"embeddable":true,"href":"https:\/\/ficonecta.com\/index.php\/wp-json\/wp\/v2\/comments?post=175"}],"version-history":[{"count":2,"href":"https:\/\/ficonecta.com\/index.php\/wp-json\/wp\/v2\/pages\/175\/revisions"}],"predecessor-version":[{"id":219,"href":"https:\/\/ficonecta.com\/index.php\/wp-json\/wp\/v2\/pages\/175\/revisions\/219"}],"wp:attachment":[{"href":"https:\/\/ficonecta.com\/index.php\/wp-json\/wp\/v2\/media?parent=175"}],"curies":[{"name":"wp","href":"https:\/\/api.w.org\/{rel}","templated":true}]}}