{"id":163,"date":"2025-03-30T02:07:11","date_gmt":"2025-03-30T02:07:11","guid":{"rendered":"https:\/\/ficonecta.com\/?page_id=163"},"modified":"2025-05-11T23:12:48","modified_gmt":"2025-05-11T23:12:48","slug":"fico-2023","status":"publish","type":"page","link":"https:\/\/ficonecta.com\/index.php\/fico-2023\/","title":{"rendered":"2023"},"content":{"rendered":"\n<p>El evento cinematogr\u00e1fico m\u00e1s esperado del a\u00f1o en la cuna del cine veracruzano. Tuvimos una selecci\u00f3n excepcional de pel\u00edculas de todo el mundo, charlas con expertos de la industria y eventos para conectar con m\u00e1s amantes del cine.\u00a0<br><br>La segunda edici\u00f3n del festival se realiz\u00f3 el 2, 3 y 4 de noviembre de 2023, as\u00ed mismo se cambi\u00f3 de sede con la intenci\u00f3n de tener una mejor experiencia audiovisual con mayor comodidad para nuestros visitantes traslad\u00e1ndonos al emblem\u00e1tico COCO el centro de convenciones Orizaba teniendo las siguientes actividades:<br><br>5 conversatorios<br>12 proyecciones<br>1 concierto<br>1750 participantes en nuestra convocatoria de cortometrajes<br>1965 visitantes<br><\/p>\n\n\n\n<figure class=\"wp-block-image size-large\"><img fetchpriority=\"high\" decoding=\"async\" width=\"804\" height=\"1024\" src=\"https:\/\/ficonecta.com\/wp-content\/uploads\/2025\/03\/WhatsApp-Image-2025-03-23-at-5.39.42-PM-804x1024.jpeg\" alt=\"\" class=\"wp-image-164\" srcset=\"https:\/\/ficonecta.com\/wp-content\/uploads\/2025\/03\/WhatsApp-Image-2025-03-23-at-5.39.42-PM-804x1024.jpeg 804w, https:\/\/ficonecta.com\/wp-content\/uploads\/2025\/03\/WhatsApp-Image-2025-03-23-at-5.39.42-PM-236x300.jpeg 236w, https:\/\/ficonecta.com\/wp-content\/uploads\/2025\/03\/WhatsApp-Image-2025-03-23-at-5.39.42-PM-768x978.jpeg 768w, https:\/\/ficonecta.com\/wp-content\/uploads\/2025\/03\/WhatsApp-Image-2025-03-23-at-5.39.42-PM-1206x1536.jpeg 1206w, https:\/\/ficonecta.com\/wp-content\/uploads\/2025\/03\/WhatsApp-Image-2025-03-23-at-5.39.42-PM.jpeg 1256w\" sizes=\"(max-width: 804px) 100vw, 804px\" \/><\/figure>\n\n\n\n<figure class=\"wp-block-embed is-type-video is-provider-youtube wp-block-embed-youtube wp-embed-aspect-16-9 wp-has-aspect-ratio\"><div class=\"wp-block-embed__wrapper\">\n<iframe title=\"FICO 2023\" width=\"500\" height=\"281\" src=\"https:\/\/www.youtube.com\/embed\/yqwSglNYQfk?feature=oembed\" frameborder=\"0\" allow=\"accelerometer; autoplay; clipboard-write; encrypted-media; gyroscope; picture-in-picture; web-share\" referrerpolicy=\"strict-origin-when-cross-origin\" allowfullscreen><\/iframe>\n<\/div><\/figure>\n","protected":false},"excerpt":{"rendered":"<p>El evento cinematogr\u00e1fico m\u00e1s esperado del a\u00f1o en la cuna del cine veracruzano. Tuvimos una selecci\u00f3n excepcional de pel\u00edculas de todo el mundo, charlas con expertos de la industria y eventos para conectar con m\u00e1s amantes del cine.\u00a0 La segunda edici\u00f3n del festival se realiz\u00f3 el 2, 3 y 4 de noviembre de 2023, as\u00ed [&hellip;]<\/p>\n","protected":false},"author":1,"featured_media":0,"parent":0,"menu_order":0,"comment_status":"closed","ping_status":"closed","template":"","meta":{"footnotes":""},"class_list":["post-163","page","type-page","status-publish","hentry"],"yoast_head":"<!-- This site is optimized with the Yoast SEO plugin v24.7 - https:\/\/yoast.com\/wordpress\/plugins\/seo\/ -->\n<title>2023 - Festival Internacional de Cine de Orizaba<\/title>\n<meta name=\"description\" content=\"FICO-2023\" \/>\n<meta name=\"robots\" content=\"index, follow, max-snippet:-1, max-image-preview:large, max-video-preview:-1\" \/>\n<link rel=\"canonical\" href=\"https:\/\/ficonecta.com\/index.php\/fico-2023\/\" \/>\n<meta property=\"og:locale\" content=\"es_ES\" \/>\n<meta property=\"og:type\" content=\"article\" \/>\n<meta property=\"og:title\" content=\"2023 - Festival Internacional de Cine de Orizaba\" \/>\n<meta property=\"og:description\" content=\"FICO-2023\" \/>\n<meta property=\"og:url\" content=\"https:\/\/ficonecta.com\/index.php\/fico-2023\/\" \/>\n<meta property=\"og:site_name\" content=\"Festival Internacional de Cine de Orizaba\" \/>\n<meta property=\"article:modified_time\" content=\"2025-05-11T23:12:48+00:00\" \/>\n<meta property=\"og:image\" content=\"https:\/\/ficonecta.com\/wp-content\/uploads\/2025\/03\/WhatsApp-Image-2025-03-23-at-5.39.42-PM.jpeg\" \/>\n\t<meta property=\"og:image:width\" content=\"1256\" \/>\n\t<meta property=\"og:image:height\" content=\"1600\" \/>\n\t<meta property=\"og:image:type\" content=\"image\/jpeg\" \/>\n<meta name=\"twitter:card\" content=\"summary_large_image\" \/>\n<meta name=\"twitter:label1\" content=\"Tiempo de lectura\" \/>\n\t<meta name=\"twitter:data1\" content=\"1 minuto\" \/>\n<script type=\"application\/ld+json\" class=\"yoast-schema-graph\">{\"@context\":\"https:\/\/schema.org\",\"@graph\":[{\"@type\":\"WebPage\",\"@id\":\"https:\/\/ficonecta.com\/index.php\/fico-2023\/\",\"url\":\"https:\/\/ficonecta.com\/index.php\/fico-2023\/\",\"name\":\"2023 - Festival Internacional de Cine de Orizaba\",\"isPartOf\":{\"@id\":\"https:\/\/ficonecta.com\/#website\"},\"primaryImageOfPage\":{\"@id\":\"https:\/\/ficonecta.com\/index.php\/fico-2023\/#primaryimage\"},\"image\":{\"@id\":\"https:\/\/ficonecta.com\/index.php\/fico-2023\/#primaryimage\"},\"thumbnailUrl\":\"https:\/\/ficonecta.com\/wp-content\/uploads\/2025\/03\/WhatsApp-Image-2025-03-23-at-5.39.42-PM-804x1024.jpeg\",\"datePublished\":\"2025-03-30T02:07:11+00:00\",\"dateModified\":\"2025-05-11T23:12:48+00:00\",\"description\":\"FICO-2023\",\"breadcrumb\":{\"@id\":\"https:\/\/ficonecta.com\/index.php\/fico-2023\/#breadcrumb\"},\"inLanguage\":\"es\",\"potentialAction\":[{\"@type\":\"ReadAction\",\"target\":[\"https:\/\/ficonecta.com\/index.php\/fico-2023\/\"]}]},{\"@type\":\"ImageObject\",\"inLanguage\":\"es\",\"@id\":\"https:\/\/ficonecta.com\/index.php\/fico-2023\/#primaryimage\",\"url\":\"https:\/\/ficonecta.com\/wp-content\/uploads\/2025\/03\/WhatsApp-Image-2025-03-23-at-5.39.42-PM.jpeg\",\"contentUrl\":\"https:\/\/ficonecta.com\/wp-content\/uploads\/2025\/03\/WhatsApp-Image-2025-03-23-at-5.39.42-PM.jpeg\",\"width\":1256,\"height\":1600},{\"@type\":\"BreadcrumbList\",\"@id\":\"https:\/\/ficonecta.com\/index.php\/fico-2023\/#breadcrumb\",\"itemListElement\":[{\"@type\":\"ListItem\",\"position\":1,\"name\":\"Portada\",\"item\":\"https:\/\/ficonecta.com\/\"},{\"@type\":\"ListItem\",\"position\":2,\"name\":\"2023\"}]},{\"@type\":\"WebSite\",\"@id\":\"https:\/\/ficonecta.com\/#website\",\"url\":\"https:\/\/ficonecta.com\/\",\"name\":\"Festival Internacional de Cine de Orizaba\",\"description\":\"\",\"publisher\":{\"@id\":\"https:\/\/ficonecta.com\/#organization\"},\"potentialAction\":[{\"@type\":\"SearchAction\",\"target\":{\"@type\":\"EntryPoint\",\"urlTemplate\":\"https:\/\/ficonecta.com\/?s={search_term_string}\"},\"query-input\":{\"@type\":\"PropertyValueSpecification\",\"valueRequired\":true,\"valueName\":\"search_term_string\"}}],\"inLanguage\":\"es\"},{\"@type\":\"Organization\",\"@id\":\"https:\/\/ficonecta.com\/#organization\",\"name\":\"Festival Internacional de Cine de Orizaba\",\"url\":\"https:\/\/ficonecta.com\/\",\"logo\":{\"@type\":\"ImageObject\",\"inLanguage\":\"es\",\"@id\":\"https:\/\/ficonecta.com\/#\/schema\/logo\/image\/\",\"url\":\"https:\/\/ficonecta.com\/wp-content\/uploads\/2025\/03\/logfo-1.png\",\"contentUrl\":\"https:\/\/ficonecta.com\/wp-content\/uploads\/2025\/03\/logfo-1.png\",\"width\":330,\"height\":330,\"caption\":\"Festival Internacional de Cine de Orizaba\"},\"image\":{\"@id\":\"https:\/\/ficonecta.com\/#\/schema\/logo\/image\/\"}}]}<\/script>\n<!-- \/ Yoast SEO plugin. -->","yoast_head_json":{"title":"2023 - Festival Internacional de Cine de Orizaba","description":"FICO-2023","robots":{"index":"index","follow":"follow","max-snippet":"max-snippet:-1","max-image-preview":"max-image-preview:large","max-video-preview":"max-video-preview:-1"},"canonical":"https:\/\/ficonecta.com\/index.php\/fico-2023\/","og_locale":"es_ES","og_type":"article","og_title":"2023 - Festival Internacional de Cine de Orizaba","og_description":"FICO-2023","og_url":"https:\/\/ficonecta.com\/index.php\/fico-2023\/","og_site_name":"Festival Internacional de Cine de Orizaba","article_modified_time":"2025-05-11T23:12:48+00:00","og_image":[{"width":1256,"height":1600,"url":"https:\/\/ficonecta.com\/wp-content\/uploads\/2025\/03\/WhatsApp-Image-2025-03-23-at-5.39.42-PM.jpeg","type":"image\/jpeg"}],"twitter_card":"summary_large_image","twitter_misc":{"Tiempo de lectura":"1 minuto"},"schema":{"@context":"https:\/\/schema.org","@graph":[{"@type":"WebPage","@id":"https:\/\/ficonecta.com\/index.php\/fico-2023\/","url":"https:\/\/ficonecta.com\/index.php\/fico-2023\/","name":"2023 - Festival Internacional de Cine de Orizaba","isPartOf":{"@id":"https:\/\/ficonecta.com\/#website"},"primaryImageOfPage":{"@id":"https:\/\/ficonecta.com\/index.php\/fico-2023\/#primaryimage"},"image":{"@id":"https:\/\/ficonecta.com\/index.php\/fico-2023\/#primaryimage"},"thumbnailUrl":"https:\/\/ficonecta.com\/wp-content\/uploads\/2025\/03\/WhatsApp-Image-2025-03-23-at-5.39.42-PM-804x1024.jpeg","datePublished":"2025-03-30T02:07:11+00:00","dateModified":"2025-05-11T23:12:48+00:00","description":"FICO-2023","breadcrumb":{"@id":"https:\/\/ficonecta.com\/index.php\/fico-2023\/#breadcrumb"},"inLanguage":"es","potentialAction":[{"@type":"ReadAction","target":["https:\/\/ficonecta.com\/index.php\/fico-2023\/"]}]},{"@type":"ImageObject","inLanguage":"es","@id":"https:\/\/ficonecta.com\/index.php\/fico-2023\/#primaryimage","url":"https:\/\/ficonecta.com\/wp-content\/uploads\/2025\/03\/WhatsApp-Image-2025-03-23-at-5.39.42-PM.jpeg","contentUrl":"https:\/\/ficonecta.com\/wp-content\/uploads\/2025\/03\/WhatsApp-Image-2025-03-23-at-5.39.42-PM.jpeg","width":1256,"height":1600},{"@type":"BreadcrumbList","@id":"https:\/\/ficonecta.com\/index.php\/fico-2023\/#breadcrumb","itemListElement":[{"@type":"ListItem","position":1,"name":"Portada","item":"https:\/\/ficonecta.com\/"},{"@type":"ListItem","position":2,"name":"2023"}]},{"@type":"WebSite","@id":"https:\/\/ficonecta.com\/#website","url":"https:\/\/ficonecta.com\/","name":"Festival Internacional de Cine de Orizaba","description":"","publisher":{"@id":"https:\/\/ficonecta.com\/#organization"},"potentialAction":[{"@type":"SearchAction","target":{"@type":"EntryPoint","urlTemplate":"https:\/\/ficonecta.com\/?s={search_term_string}"},"query-input":{"@type":"PropertyValueSpecification","valueRequired":true,"valueName":"search_term_string"}}],"inLanguage":"es"},{"@type":"Organization","@id":"https:\/\/ficonecta.com\/#organization","name":"Festival Internacional de Cine de Orizaba","url":"https:\/\/ficonecta.com\/","logo":{"@type":"ImageObject","inLanguage":"es","@id":"https:\/\/ficonecta.com\/#\/schema\/logo\/image\/","url":"https:\/\/ficonecta.com\/wp-content\/uploads\/2025\/03\/logfo-1.png","contentUrl":"https:\/\/ficonecta.com\/wp-content\/uploads\/2025\/03\/logfo-1.png","width":330,"height":330,"caption":"Festival Internacional de Cine de Orizaba"},"image":{"@id":"https:\/\/ficonecta.com\/#\/schema\/logo\/image\/"}}]}},"_links":{"self":[{"href":"https:\/\/ficonecta.com\/index.php\/wp-json\/wp\/v2\/pages\/163","targetHints":{"allow":["GET"]}}],"collection":[{"href":"https:\/\/ficonecta.com\/index.php\/wp-json\/wp\/v2\/pages"}],"about":[{"href":"https:\/\/ficonecta.com\/index.php\/wp-json\/wp\/v2\/types\/page"}],"author":[{"embeddable":true,"href":"https:\/\/ficonecta.com\/index.php\/wp-json\/wp\/v2\/users\/1"}],"replies":[{"embeddable":true,"href":"https:\/\/ficonecta.com\/index.php\/wp-json\/wp\/v2\/comments?post=163"}],"version-history":[{"count":2,"href":"https:\/\/ficonecta.com\/index.php\/wp-json\/wp\/v2\/pages\/163\/revisions"}],"predecessor-version":[{"id":223,"href":"https:\/\/ficonecta.com\/index.php\/wp-json\/wp\/v2\/pages\/163\/revisions\/223"}],"wp:attachment":[{"href":"https:\/\/ficonecta.com\/index.php\/wp-json\/wp\/v2\/media?parent=163"}],"curies":[{"name":"wp","href":"https:\/\/api.w.org\/{rel}","templated":true}]}}